{"id":1136,"date":"2026-04-01T04:03:00","date_gmt":"2026-04-01T04:03:00","guid":{"rendered":"https:\/\/villadeurike.com\/?page_id=1136"},"modified":"2026-04-22T19:55:01","modified_gmt":"2026-04-22T19:55:01","slug":"the-bar","status":"publish","type":"page","link":"https:\/\/villadeurike.com\/es\/the-bar\/","title":{"rendered":"BAR"},"content":{"rendered":"<div data-elementor-type=\"wp-page\" data-elementor-id=\"1136\" class=\"elementor elementor-1136\" data-elementor-post-type=\"page\">\n\t\t\t\t<div class=\"elementor-element elementor-element-60fd4d7 e-con-full e-flex e-con e-parent\" data-id=\"60fd4d7\" data-element_type=\"container\" data-e-type=\"container\" data-settings=\"{&quot;background_background&quot;:&quot;classic&quot;}\">\n\t\t\t\t<\/div>\n\t\t<div class=\"elementor-element elementor-element-28762981 e-flex e-con-boxed e-con e-parent\" data-id=\"28762981\" data-element_type=\"container\" data-e-type=\"container\" data-settings=\"{&quot;background_background&quot;:&quot;classic&quot;}\">\n\t\t\t\t\t<div class=\"e-con-inner\">\n\t\t\t\t<div class=\"elementor-element elementor-element-176921d9 elementor-widget elementor-widget-heading\" data-id=\"176921d9\" data-element_type=\"widget\" data-e-type=\"widget\" data-widget_type=\"heading.default\">\n\t\t\t\t\t<h2 class=\"elementor-heading-title elementor-size-default\">Experiencia Bar Urique<\/h2>\t\t\t\t<\/div>\n\t\t\t\t<div class=\"elementor-element elementor-element-4d8c4360 elementor-widget elementor-widget-text-editor\" data-id=\"4d8c4360\" data-element_type=\"widget\" data-e-type=\"widget\" data-widget_type=\"text-editor.default\">\n\t\t\t\t\t\t\t\t\t<p>Disfruta de una experiencia refrescante en Bar Urike, donde las bebidas de autor se preparan cuidadosamente y se acompa\u00f1an con frutas tropicales frescas de la barranca. Cada bebida es una vibrante fusi\u00f3n de sabores locales, ingredientes naturales y un toque artesanal, creando una experiencia sensorial \u00fanica. Rel\u00e1jate en un entorno \u00edntimo y org\u00e1nico, donde cada sorbo te conecta con la esencia de la Sierra Tarahumara.<\/p><p>\u00a0<\/p>\t\t\t\t\t\t\t\t<\/div>\n\t\t<div class=\"elementor-element elementor-element-405da82e e-con-full e-flex e-con e-child\" data-id=\"405da82e\" data-element_type=\"container\" data-e-type=\"container\">\n\t\t<div class=\"elementor-element elementor-element-30db11f2 e-con-full e-transform e-flex e-con e-child\" data-id=\"30db11f2\" data-element_type=\"container\" data-e-type=\"container\" data-settings=\"{&quot;_transform_rotateZ_effect&quot;:{&quot;unit&quot;:&quot;px&quot;,&quot;size&quot;:-8,&quot;sizes&quot;:[]},&quot;_transform_rotateZ_effect_tablet&quot;:{&quot;unit&quot;:&quot;deg&quot;,&quot;size&quot;:&quot;&quot;,&quot;sizes&quot;:[]},&quot;_transform_rotateZ_effect_mobile&quot;:{&quot;unit&quot;:&quot;deg&quot;,&quot;size&quot;:&quot;&quot;,&quot;sizes&quot;:[]}}\">\n\t\t\t\t<div class=\"elementor-element elementor-element-186558b9 elementor-widget elementor-widget-image\" data-id=\"186558b9\" data-element_type=\"widget\" data-e-type=\"widget\" data-widget_type=\"image.default\">\n\t\t\t\t\t\t\t\t\t\t\t\t\t\t\t<img fetchpriority=\"high\" decoding=\"async\" width=\"2560\" height=\"1707\" src=\"https:\/\/villadeurike.com\/wp-content\/uploads\/2026\/04\/DSC03498-scaled.jpg\" class=\"attachment-full size-full wp-image-2310\" alt=\"\" srcset=\"https:\/\/villadeurike.com\/wp-content\/uploads\/2026\/04\/DSC03498-scaled.jpg 2560w, https:\/\/villadeurike.com\/wp-content\/uploads\/2026\/04\/DSC03498-300x200.jpg 300w, https:\/\/villadeurike.com\/wp-content\/uploads\/2026\/04\/DSC03498-1024x683.jpg 1024w, https:\/\/villadeurike.com\/wp-content\/uploads\/2026\/04\/DSC03498-768x512.jpg 768w, https:\/\/villadeurike.com\/wp-content\/uploads\/2026\/04\/DSC03498-1536x1024.jpg 1536w, https:\/\/villadeurike.com\/wp-content\/uploads\/2026\/04\/DSC03498-2048x1365.jpg 2048w, https:\/\/villadeurike.com\/wp-content\/uploads\/2026\/04\/DSC03498-18x12.jpg 18w\" sizes=\"(max-width: 2560px) 100vw, 2560px\" \/>\t\t\t\t\t\t\t\t\t\t\t\t\t\t\t<\/div>\n\t\t\t\t<\/div>\n\t\t<div class=\"elementor-element elementor-element-952bcd9 e-con-full e-transform e-flex e-con e-child\" data-id=\"952bcd9\" data-element_type=\"container\" data-e-type=\"container\" data-settings=\"{&quot;_transform_rotateZ_effect&quot;:{&quot;unit&quot;:&quot;px&quot;,&quot;size&quot;:0,&quot;sizes&quot;:[]},&quot;_transform_rotateZ_effect_tablet&quot;:{&quot;unit&quot;:&quot;deg&quot;,&quot;size&quot;:&quot;&quot;,&quot;sizes&quot;:[]},&quot;_transform_rotateZ_effect_mobile&quot;:{&quot;unit&quot;:&quot;deg&quot;,&quot;size&quot;:&quot;&quot;,&quot;sizes&quot;:[]}}\">\n\t\t\t\t<div class=\"elementor-element elementor-element-7bb1dd7d elementor-widget elementor-widget-image\" data-id=\"7bb1dd7d\" data-element_type=\"widget\" data-e-type=\"widget\" data-widget_type=\"image.default\">\n\t\t\t\t\t\t\t\t\t\t\t\t\t\t\t<img decoding=\"async\" width=\"960\" height=\"642\" src=\"https:\/\/villadeurike.com\/wp-content\/uploads\/2026\/04\/487682599_1220355823428889_852723599254680177_n.webp\" class=\"attachment-full size-full wp-image-1411\" alt=\"\" srcset=\"https:\/\/villadeurike.com\/wp-content\/uploads\/2026\/04\/487682599_1220355823428889_852723599254680177_n.webp 960w, https:\/\/villadeurike.com\/wp-content\/uploads\/2026\/04\/487682599_1220355823428889_852723599254680177_n-300x201.webp 300w, https:\/\/villadeurike.com\/wp-content\/uploads\/2026\/04\/487682599_1220355823428889_852723599254680177_n-768x514.webp 768w, https:\/\/villadeurike.com\/wp-content\/uploads\/2026\/04\/487682599_1220355823428889_852723599254680177_n-18x12.webp 18w\" sizes=\"(max-width: 960px) 100vw, 960px\" \/>\t\t\t\t\t\t\t\t\t\t\t\t\t\t\t<\/div>\n\t\t\t\t<\/div>\n\t\t<div class=\"elementor-element elementor-element-77aea149 e-con-full e-transform e-flex e-con e-child\" data-id=\"77aea149\" data-element_type=\"container\" data-e-type=\"container\" data-settings=\"{&quot;_transform_rotateZ_effect&quot;:{&quot;unit&quot;:&quot;px&quot;,&quot;size&quot;:8,&quot;sizes&quot;:[]},&quot;_transform_rotateZ_effect_tablet&quot;:{&quot;unit&quot;:&quot;deg&quot;,&quot;size&quot;:&quot;&quot;,&quot;sizes&quot;:[]},&quot;_transform_rotateZ_effect_mobile&quot;:{&quot;unit&quot;:&quot;deg&quot;,&quot;size&quot;:&quot;&quot;,&quot;sizes&quot;:[]}}\">\n\t\t\t\t<div class=\"elementor-element elementor-element-779895ca elementor-widget elementor-widget-image\" data-id=\"779895ca\" data-element_type=\"widget\" data-e-type=\"widget\" data-widget_type=\"image.default\">\n\t\t\t\t\t\t\t\t\t\t\t\t\t\t\t<img decoding=\"async\" width=\"2048\" height=\"1365\" src=\"https:\/\/villadeurike.com\/wp-content\/uploads\/2026\/04\/DSC03247-2048x1365.jpg\" class=\"attachment-2048x2048 size-2048x2048 wp-image-2309\" alt=\"\" srcset=\"https:\/\/villadeurike.com\/wp-content\/uploads\/2026\/04\/DSC03247-2048x1365.jpg 2048w, https:\/\/villadeurike.com\/wp-content\/uploads\/2026\/04\/DSC03247-300x200.jpg 300w, https:\/\/villadeurike.com\/wp-content\/uploads\/2026\/04\/DSC03247-1024x683.jpg 1024w, https:\/\/villadeurike.com\/wp-content\/uploads\/2026\/04\/DSC03247-768x512.jpg 768w, https:\/\/villadeurike.com\/wp-content\/uploads\/2026\/04\/DSC03247-1536x1024.jpg 1536w, https:\/\/villadeurike.com\/wp-content\/uploads\/2026\/04\/DSC03247-18x12.jpg 18w\" sizes=\"(max-width: 2048px) 100vw, 2048px\" \/>\t\t\t\t\t\t\t\t\t\t\t\t\t\t\t<\/div>\n\t\t\t\t<\/div>\n\t\t\t\t<\/div>\n\t\t\t\t\t<\/div>\n\t\t\t\t<\/div>\n\t\t<div class=\"elementor-element elementor-element-fbc0ca2 e-flex e-con-boxed e-con e-parent\" data-id=\"fbc0ca2\" data-element_type=\"container\" data-e-type=\"container\">\n\t\t\t\t\t<div class=\"e-con-inner\">\n\t\t\t\t<div class=\"elementor-element elementor-element-9ea544d elementor-widget elementor-widget-heading\" data-id=\"9ea544d\" data-element_type=\"widget\" data-e-type=\"widget\" data-widget_type=\"heading.default\">\n\t\t\t\t\t<h2 class=\"elementor-heading-title elementor-size-default\">DESCUBRE NUESTRO BAR EN URIQUE<\/h2>\t\t\t\t<\/div>\n\t\t\t\t\t<\/div>\n\t\t\t\t<\/div>\n\t\t<div class=\"elementor-element elementor-element-225ade4 e-con-full e-flex e-con e-parent\" data-id=\"225ade4\" data-element_type=\"container\" data-e-type=\"container\" data-settings=\"{&quot;background_background&quot;:&quot;classic&quot;}\">\n\t\t<div class=\"elementor-element elementor-element-3e0bc16 e-flex e-con-boxed e-con e-child\" data-id=\"3e0bc16\" data-element_type=\"container\" data-e-type=\"container\">\n\t\t\t\t\t<div class=\"e-con-inner\">\n\t\t\t\t<div class=\"elementor-element elementor-element-ebc02f4 elementor-widget elementor-widget-image\" data-id=\"ebc02f4\" data-element_type=\"widget\" data-e-type=\"widget\" data-widget_type=\"image.default\">\n\t\t\t\t\t\t\t\t\t\t\t\t\t\t\t<img loading=\"lazy\" decoding=\"async\" width=\"800\" height=\"534\" src=\"https:\/\/villadeurike.com\/wp-content\/uploads\/2026\/04\/DSC07170-1024x683.webp\" class=\"attachment-large size-large wp-image-1667\" alt=\"\" srcset=\"https:\/\/villadeurike.com\/wp-content\/uploads\/2026\/04\/DSC07170-1024x683.webp 1024w, https:\/\/villadeurike.com\/wp-content\/uploads\/2026\/04\/DSC07170-300x200.webp 300w, https:\/\/villadeurike.com\/wp-content\/uploads\/2026\/04\/DSC07170-768x512.webp 768w, https:\/\/villadeurike.com\/wp-content\/uploads\/2026\/04\/DSC07170-1536x1024.webp 1536w, https:\/\/villadeurike.com\/wp-content\/uploads\/2026\/04\/DSC07170-scaled.webp 1920w, https:\/\/villadeurike.com\/wp-content\/uploads\/2026\/04\/DSC07170-18x12.webp 18w\" sizes=\"(max-width: 800px) 100vw, 800px\" \/>\t\t\t\t\t\t\t\t\t\t\t\t\t\t\t<\/div>\n\t\t\t\t\t<\/div>\n\t\t\t\t<\/div>\n\t\t<div class=\"elementor-element elementor-element-2757279 e-flex e-con-boxed e-con e-child\" data-id=\"2757279\" data-element_type=\"container\" data-e-type=\"container\">\n\t\t\t\t\t<div class=\"e-con-inner\">\n\t\t\t\t<div class=\"elementor-element elementor-element-c37115a elementor-widget elementor-widget-image\" data-id=\"c37115a\" data-element_type=\"widget\" data-e-type=\"widget\" data-widget_type=\"image.default\">\n\t\t\t\t\t\t\t\t\t\t\t\t\t\t\t<img loading=\"lazy\" decoding=\"async\" width=\"800\" height=\"534\" src=\"https:\/\/villadeurike.com\/wp-content\/uploads\/2026\/04\/DSC07171-1024x683.webp\" class=\"attachment-large size-large wp-image-1657\" alt=\"\" srcset=\"https:\/\/villadeurike.com\/wp-content\/uploads\/2026\/04\/DSC07171-1024x683.webp 1024w, https:\/\/villadeurike.com\/wp-content\/uploads\/2026\/04\/DSC07171-300x200.webp 300w, https:\/\/villadeurike.com\/wp-content\/uploads\/2026\/04\/DSC07171-768x512.webp 768w, https:\/\/villadeurike.com\/wp-content\/uploads\/2026\/04\/DSC07171-1536x1024.webp 1536w, https:\/\/villadeurike.com\/wp-content\/uploads\/2026\/04\/DSC07171-scaled.webp 1920w, https:\/\/villadeurike.com\/wp-content\/uploads\/2026\/04\/DSC07171-18x12.webp 18w\" sizes=\"(max-width: 800px) 100vw, 800px\" \/>\t\t\t\t\t\t\t\t\t\t\t\t\t\t\t<\/div>\n\t\t\t\t\t<\/div>\n\t\t\t\t<\/div>\n\t\t\t\t<div class=\"elementor-element elementor-element-bddf13c elementor-widget elementor-widget-text-editor\" data-id=\"bddf13c\" data-element_type=\"widget\" data-e-type=\"widget\" data-widget_type=\"text-editor.default\">\n\t\t\t\t\t\t\t\t\t<p data-start=\"200\" data-end=\"448\">Emb\u00e1rcate en un viaje sensorial donde cada bebida est\u00e1 creada para capturar la esencia de la barranca. En Bar Urike, nuestra mixolog\u00eda se inspira en frutas tropicales frescas e ingredientes locales, dando vida a sabores vibrantes que resultan tanto refrescantes como aut\u00e9nticos.<\/p><p data-start=\"450\" data-end=\"708\">Disfruta de una selecci\u00f3n de bebidas artesanales preparadas con mango, c\u00edtricos y otras frutas de temporada de la regi\u00f3n. Cada bebida est\u00e1 dise\u00f1ada para equilibrar frescura, dulzura natural y un sutil toque artesanal, ofreciendo una experiencia verdaderamente inmersiva.<\/p><p data-start=\"710\" data-end=\"899\">Rel\u00e1jate en una atm\u00f3sfera c\u00e1lida e \u00edntima, donde la naturaleza, el sabor y la conexi\u00f3n se unen. En Bar Urike, cada sorbo es un momento para desacelerar y disfrutar la belleza de la Sierra Tarahumara.<\/p>\t\t\t\t\t\t\t\t<\/div>\n\t\t\t\t<\/div>\n\t\t<div class=\"elementor-element elementor-element-431724bd e-con-full e-flex e-con e-parent\" data-id=\"431724bd\" data-element_type=\"container\" data-e-type=\"container\" data-settings=\"{&quot;background_background&quot;:&quot;classic&quot;}\">\n\t\t\t\t<div class=\"elementor-element elementor-element-602ebda8 elementor-widget elementor-widget-heading\" data-id=\"602ebda8\" data-element_type=\"widget\" data-e-type=\"widget\" data-widget_type=\"heading.default\">\n\t\t\t\t\t<h2 class=\"elementor-heading-title elementor-size-default\">VILLA DE URIKE<\/h2>\t\t\t\t<\/div>\n\t\t<div class=\"elementor-element elementor-element-76b34c35 e-con-full e-flex e-con e-child\" data-id=\"76b34c35\" data-element_type=\"container\" data-e-type=\"container\">\n\t\t<div class=\"elementor-element elementor-element-65d456fe e-con-full e-flex e-con e-child\" data-id=\"65d456fe\" data-element_type=\"container\" data-e-type=\"container\">\n\t\t\t\t<div class=\"elementor-element elementor-element-69f6b672 elementor-widget elementor-widget-button\" data-id=\"69f6b672\" data-element_type=\"widget\" data-e-type=\"widget\" data-widget_type=\"button.default\">\n\t\t\t\t\t\t\t\t\t\t<a class=\"elementor-button elementor-button-link elementor-size-sm\" href=\"#\">\n\t\t\t\t\t\t<span class=\"elementor-button-content-wrapper\">\n\t\t\t\t\t\t\t\t\t<span class=\"elementor-button-text\">info@villadeurike.com<\/span>\n\t\t\t\t\t<\/span>\n\t\t\t\t\t<\/a>\n\t\t\t\t\t\t\t\t<\/div>\n\t\t\t\t<\/div>\n\t\t<div class=\"elementor-element elementor-element-27c7030a e-con-full e-flex e-con e-child\" data-id=\"27c7030a\" data-element_type=\"container\" data-e-type=\"container\">\n\t\t\t\t<div class=\"elementor-element elementor-element-11bba125 elementor-widget elementor-widget-button\" data-id=\"11bba125\" data-element_type=\"widget\" data-e-type=\"widget\" data-widget_type=\"button.default\">\n\t\t\t\t\t\t\t\t\t\t<a class=\"elementor-button elementor-button-link elementor-size-sm\" href=\"#\">\n\t\t\t\t\t\t<span class=\"elementor-button-content-wrapper\">\n\t\t\t\t\t\t\t\t\t<span class=\"elementor-button-text\">reservation@villadeurike.com<\/span>\n\t\t\t\t\t<\/span>\n\t\t\t\t\t<\/a>\n\t\t\t\t\t\t\t\t<\/div>\n\t\t\t\t<\/div>\n\t\t<div class=\"elementor-element elementor-element-daf4e0a e-con-full e-flex e-con e-child\" data-id=\"daf4e0a\" data-element_type=\"container\" data-e-type=\"container\">\n\t\t\t\t<div class=\"elementor-element elementor-element-5f75df0c elementor-widget elementor-widget-button\" data-id=\"5f75df0c\" data-element_type=\"widget\" data-e-type=\"widget\" data-widget_type=\"button.default\">\n\t\t\t\t\t\t\t\t\t\t<a class=\"elementor-button elementor-button-link elementor-size-sm\" href=\"#\">\n\t\t\t\t\t\t<span class=\"elementor-button-content-wrapper\">\n\t\t\t\t\t\t\t\t\t<span class=\"elementor-button-text\">+526143454056<\/span>\n\t\t\t\t\t<\/span>\n\t\t\t\t\t<\/a>\n\t\t\t\t\t\t\t\t<\/div>\n\t\t\t\t<\/div>\n\t\t\t\t<\/div>\n\t\t\t\t<div class=\"elementor-element elementor-element-cac4d1b elementor-widget elementor-widget-button\" data-id=\"cac4d1b\" data-element_type=\"widget\" data-e-type=\"widget\" data-widget_type=\"button.default\">\n\t\t\t\t\t\t\t\t\t\t<a class=\"elementor-button elementor-button-link elementor-size-sm\" href=\"\">\n\t\t\t\t\t\t<span class=\"elementor-button-content-wrapper\">\n\t\t\t\t\t\t\t\t\t<span class=\"elementor-button-text\">Malec\u00f3n de Urique S\/n, 33420 Urique, Chihuahua<\/span>\n\t\t\t\t\t<\/span>\n\t\t\t\t\t<\/a>\n\t\t\t\t\t\t\t\t<\/div>\n\t\t\t\t<\/div>\n\t\t\t\t<\/div>","protected":false},"excerpt":{"rendered":"<p>Bar Urique Experience Indulge in a refreshing escape at Bar Urique, where handcrafted beverages are thoughtfully prepared and complemented by fresh tropical fruits from the canyon. Each drink is a vibrant fusion of local flavors, natural ingredients, and artisanal touch, creating a unique sensory experience. Relax in an intimate and organic setting, where every sip [&hellip;]<\/p>\n","protected":false},"author":1,"featured_media":0,"parent":0,"menu_order":0,"comment_status":"closed","ping_status":"closed","template":"","meta":{"_angie_page":false,"footnotes":""},"class_list":["post-1136","page","type-page","status-publish","hentry"],"_hostinger_reach_plugin_has_subscription_block":false,"_hostinger_reach_plugin_is_elementor":false,"_links":{"self":[{"href":"https:\/\/villadeurike.com\/es\/wp-json\/wp\/v2\/pages\/1136","targetHints":{"allow":["GET"]}}],"collection":[{"href":"https:\/\/villadeurike.com\/es\/wp-json\/wp\/v2\/pages"}],"about":[{"href":"https:\/\/villadeurike.com\/es\/wp-json\/wp\/v2\/types\/page"}],"author":[{"embeddable":true,"href":"https:\/\/villadeurike.com\/es\/wp-json\/wp\/v2\/users\/1"}],"replies":[{"embeddable":true,"href":"https:\/\/villadeurike.com\/es\/wp-json\/wp\/v2\/comments?post=1136"}],"version-history":[{"count":114,"href":"https:\/\/villadeurike.com\/es\/wp-json\/wp\/v2\/pages\/1136\/revisions"}],"predecessor-version":[{"id":2981,"href":"https:\/\/villadeurike.com\/es\/wp-json\/wp\/v2\/pages\/1136\/revisions\/2981"}],"wp:attachment":[{"href":"https:\/\/villadeurike.com\/es\/wp-json\/wp\/v2\/media?parent=1136"}],"curies":[{"name":"wp","href":"https:\/\/api.w.org\/{rel}","templated":true}]}}