{"id":1228,"date":"2026-04-01T15:58:19","date_gmt":"2026-04-01T15:58:19","guid":{"rendered":"https:\/\/villadeurike.com\/?page_id=1228"},"modified":"2026-04-22T20:15:23","modified_gmt":"2026-04-22T20:15:23","slug":"urique","status":"publish","type":"page","link":"https:\/\/villadeurike.com\/es\/urique\/","title":{"rendered":"Urique"},"content":{"rendered":"<div data-elementor-type=\"wp-page\" data-elementor-id=\"1228\" class=\"elementor elementor-1228\" data-elementor-post-type=\"page\">\n\t\t\t\t<div class=\"elementor-element elementor-element-3eccb9c e-con-full e-flex e-con e-parent\" data-id=\"3eccb9c\" data-element_type=\"container\" data-e-type=\"container\" data-settings=\"{&quot;background_background&quot;:&quot;classic&quot;}\">\n\t\t\t\t<\/div>\n\t\t<div class=\"elementor-element elementor-element-26b293f8 elementor-hidden-tablet elementor-hidden-mobile e-flex e-con-boxed e-con e-parent\" data-id=\"26b293f8\" data-element_type=\"container\" data-e-type=\"container\" data-settings=\"{&quot;background_background&quot;:&quot;classic&quot;}\">\n\t\t\t\t\t<div class=\"e-con-inner\">\n\t\t\t\t<div class=\"elementor-element elementor-element-69e31171 elementor-widget elementor-widget-heading\" data-id=\"69e31171\" data-element_type=\"widget\" data-e-type=\"widget\" data-widget_type=\"heading.default\">\n\t\t\t\t\t<h2 class=\"elementor-heading-title elementor-size-default\">EL REFUGIO EN EL CA\u00d1\u00d3N DE M\u00c9XICO<\/h2>\t\t\t\t<\/div>\n\t\t\t\t<div class=\"elementor-element elementor-element-221d32bf elementor-widget elementor-widget-heading\" data-id=\"221d32bf\" data-element_type=\"widget\" data-e-type=\"widget\" data-widget_type=\"heading.default\">\n\t\t\t\t\t<h2 class=\"elementor-heading-title elementor-size-default\">Bienvenido a Barranca de Urique, M\u00e9xico<\/h2>\t\t\t\t<\/div>\n\t\t\t\t<div class=\"elementor-element elementor-element-54db0c4a elementor-widget elementor-widget-text-editor\" data-id=\"54db0c4a\" data-element_type=\"widget\" data-e-type=\"widget\" data-widget_type=\"text-editor.default\">\n\t\t\t\t\t\t\t\t\t<p data-start=\"166\" data-end=\"441\">Barranca de Urique, M\u00e9xico, es un destino impresionante escondido en el coraz\u00f3n de la Sierra Tarahumara. Este extraordinario paisaje de ca\u00f1ones revela imponentes acantilados, r\u00edos serpenteantes, la riqueza de la cultura Rar\u00e1muri y una profunda conexi\u00f3n con la naturaleza que se siente tanto salvaje como atemporal.<\/p><p data-start=\"443\" data-end=\"795\">Durante el d\u00eda, Urique invita a la exploraci\u00f3n a trav\u00e9s de miradores panor\u00e1micos, senderos de monta\u00f1a y encuentros inolvidables con la belleza natural de las Barrancas del Cobre. Al caer el sol, el entorno se ilumina con una calidez serena, revelando un lado m\u00e1s \u00edntimo de la Sierra a trav\u00e9s de la cultura local, las tradiciones artesanales y el ritmo tranquilo del ca\u00f1\u00f3n.<\/p>\t\t\t\t\t\t\t\t<\/div>\n\t\t<div class=\"elementor-element elementor-element-4a3022b8 e-con-full e-flex e-con e-child\" data-id=\"4a3022b8\" data-element_type=\"container\" data-e-type=\"container\">\n\t\t<div class=\"elementor-element elementor-element-389a8cff e-con-full e-transform e-flex e-con e-child\" data-id=\"389a8cff\" data-element_type=\"container\" data-e-type=\"container\" data-settings=\"{&quot;_transform_rotateZ_effect&quot;:{&quot;unit&quot;:&quot;px&quot;,&quot;size&quot;:-8,&quot;sizes&quot;:[]},&quot;_transform_rotateZ_effect_tablet&quot;:{&quot;unit&quot;:&quot;deg&quot;,&quot;size&quot;:&quot;&quot;,&quot;sizes&quot;:[]},&quot;_transform_rotateZ_effect_mobile&quot;:{&quot;unit&quot;:&quot;deg&quot;,&quot;size&quot;:&quot;&quot;,&quot;sizes&quot;:[]}}\">\n\t\t\t\t<div class=\"elementor-element elementor-element-6f05c5f3 elementor-widget elementor-widget-image\" data-id=\"6f05c5f3\" data-element_type=\"widget\" data-e-type=\"widget\" data-widget_type=\"image.default\">\n\t\t\t\t\t\t\t\t\t\t\t\t\t\t\t<img fetchpriority=\"high\" decoding=\"async\" width=\"1290\" height=\"1284\" src=\"https:\/\/villadeurike.com\/wp-content\/uploads\/2026\/03\/IMG_E0576.webp\" class=\"attachment-full size-full wp-image-146\" alt=\"\" srcset=\"https:\/\/villadeurike.com\/wp-content\/uploads\/2026\/03\/IMG_E0576.webp 1290w, https:\/\/villadeurike.com\/wp-content\/uploads\/2026\/03\/IMG_E0576-300x300.webp 300w, https:\/\/villadeurike.com\/wp-content\/uploads\/2026\/03\/IMG_E0576-1024x1019.webp 1024w, https:\/\/villadeurike.com\/wp-content\/uploads\/2026\/03\/IMG_E0576-150x150.webp 150w, https:\/\/villadeurike.com\/wp-content\/uploads\/2026\/03\/IMG_E0576-768x764.jpg 768w\" sizes=\"(max-width: 1290px) 100vw, 1290px\" \/>\t\t\t\t\t\t\t\t\t\t\t\t\t\t\t<\/div>\n\t\t\t\t<\/div>\n\t\t<div class=\"elementor-element elementor-element-37dce876 e-con-full e-transform e-flex e-con e-child\" data-id=\"37dce876\" data-element_type=\"container\" data-e-type=\"container\" data-settings=\"{&quot;_transform_rotateZ_effect&quot;:{&quot;unit&quot;:&quot;px&quot;,&quot;size&quot;:0,&quot;sizes&quot;:[]},&quot;_transform_rotateZ_effect_tablet&quot;:{&quot;unit&quot;:&quot;deg&quot;,&quot;size&quot;:&quot;&quot;,&quot;sizes&quot;:[]},&quot;_transform_rotateZ_effect_mobile&quot;:{&quot;unit&quot;:&quot;deg&quot;,&quot;size&quot;:&quot;&quot;,&quot;sizes&quot;:[]}}\">\n\t\t\t\t<div class=\"elementor-element elementor-element-49147d8e elementor-widget elementor-widget-image\" data-id=\"49147d8e\" data-element_type=\"widget\" data-e-type=\"widget\" data-widget_type=\"image.default\">\n\t\t\t\t\t\t\t\t\t\t\t\t\t\t\t<img decoding=\"async\" width=\"1920\" height=\"2560\" src=\"https:\/\/villadeurike.com\/wp-content\/uploads\/2026\/03\/IMG_9569-scaled.jpg\" class=\"attachment-full size-full wp-image-147\" alt=\"\" srcset=\"https:\/\/villadeurike.com\/wp-content\/uploads\/2026\/03\/IMG_9569-scaled.jpg 1920w, https:\/\/villadeurike.com\/wp-content\/uploads\/2026\/03\/IMG_9569-225x300.jpg 225w, https:\/\/villadeurike.com\/wp-content\/uploads\/2026\/03\/IMG_9569-768x1024.jpg 768w, https:\/\/villadeurike.com\/wp-content\/uploads\/2026\/03\/IMG_9569-1152x1536.jpg 1152w, https:\/\/villadeurike.com\/wp-content\/uploads\/2026\/03\/IMG_9569-1536x2048.jpg 1536w\" sizes=\"(max-width: 1920px) 100vw, 1920px\" \/>\t\t\t\t\t\t\t\t\t\t\t\t\t\t\t<\/div>\n\t\t\t\t<\/div>\n\t\t<div class=\"elementor-element elementor-element-1a922202 e-con-full e-transform e-flex e-con e-child\" data-id=\"1a922202\" data-element_type=\"container\" data-e-type=\"container\" data-settings=\"{&quot;_transform_rotateZ_effect&quot;:{&quot;unit&quot;:&quot;px&quot;,&quot;size&quot;:8,&quot;sizes&quot;:[]},&quot;_transform_rotateZ_effect_tablet&quot;:{&quot;unit&quot;:&quot;deg&quot;,&quot;size&quot;:&quot;&quot;,&quot;sizes&quot;:[]},&quot;_transform_rotateZ_effect_mobile&quot;:{&quot;unit&quot;:&quot;deg&quot;,&quot;size&quot;:&quot;&quot;,&quot;sizes&quot;:[]}}\">\n\t\t\t\t<div class=\"elementor-element elementor-element-6e34e338 elementor-widget elementor-widget-image\" data-id=\"6e34e338\" data-element_type=\"widget\" data-e-type=\"widget\" data-widget_type=\"image.default\">\n\t\t\t\t\t\t\t\t\t\t\t\t\t\t\t<img decoding=\"async\" width=\"1920\" height=\"1920\" src=\"https:\/\/villadeurike.com\/wp-content\/uploads\/2026\/03\/IMG_E6775-1-scaled.webp\" class=\"attachment-full size-full wp-image-712\" alt=\"\" srcset=\"https:\/\/villadeurike.com\/wp-content\/uploads\/2026\/03\/IMG_E6775-1-scaled.webp 1920w, https:\/\/villadeurike.com\/wp-content\/uploads\/2026\/03\/IMG_E6775-1-300x300.webp 300w, https:\/\/villadeurike.com\/wp-content\/uploads\/2026\/03\/IMG_E6775-1-1024x1024.webp 1024w, https:\/\/villadeurike.com\/wp-content\/uploads\/2026\/03\/IMG_E6775-1-150x150.webp 150w, https:\/\/villadeurike.com\/wp-content\/uploads\/2026\/03\/IMG_E6775-1-768x768.webp 768w, https:\/\/villadeurike.com\/wp-content\/uploads\/2026\/03\/IMG_E6775-1-1536x1536.webp 1536w\" sizes=\"(max-width: 1920px) 100vw, 1920px\" \/>\t\t\t\t\t\t\t\t\t\t\t\t\t\t\t<\/div>\n\t\t\t\t<\/div>\n\t\t\t\t<\/div>\n\t\t\t\t\t<\/div>\n\t\t\t\t<\/div>\n\t\t<div class=\"elementor-element elementor-element-689f4a7 elementor-hidden-desktop elementor-hidden-tablet e-flex e-con-boxed e-con e-parent\" data-id=\"689f4a7\" data-element_type=\"container\" data-e-type=\"container\" data-settings=\"{&quot;background_background&quot;:&quot;classic&quot;}\">\n\t\t\t\t\t<div class=\"e-con-inner\">\n\t\t\t\t<div class=\"elementor-element elementor-element-a0baa8d elementor-widget elementor-widget-heading\" data-id=\"a0baa8d\" data-element_type=\"widget\" data-e-type=\"widget\" data-widget_type=\"heading.default\">\n\t\t\t\t\t<h2 class=\"elementor-heading-title elementor-size-default\">EL REFUGIO EN EL CA\u00d1\u00d3N DE M\u00c9XICO<\/h2>\t\t\t\t<\/div>\n\t\t\t\t<div class=\"elementor-element elementor-element-83cafee elementor-widget elementor-widget-heading\" data-id=\"83cafee\" data-element_type=\"widget\" data-e-type=\"widget\" data-widget_type=\"heading.default\">\n\t\t\t\t\t<h2 class=\"elementor-heading-title elementor-size-default\">Bienvenido a Barranca de Urique, M\u00e9xico<\/h2>\t\t\t\t<\/div>\n\t\t\t\t<div class=\"elementor-element elementor-element-cbca540 elementor-widget elementor-widget-text-editor\" data-id=\"cbca540\" data-element_type=\"widget\" data-e-type=\"widget\" data-widget_type=\"text-editor.default\">\n\t\t\t\t\t\t\t\t\t<p data-start=\"166\" data-end=\"441\">Barranca de Urique, M\u00e9xico, es un destino impresionante escondido en el coraz\u00f3n de la Sierra Tarahumara. Este extraordinario paisaje de ca\u00f1ones revela imponentes acantilados, r\u00edos serpenteantes, la riqueza de la cultura Rar\u00e1muri y una profunda conexi\u00f3n con la naturaleza que se siente tanto salvaje como atemporal.<\/p><p data-start=\"443\" data-end=\"795\">Durante el d\u00eda, Urique invita a la exploraci\u00f3n a trav\u00e9s de miradores panor\u00e1micos, senderos de monta\u00f1a y encuentros inolvidables con la belleza natural de las Barrancas del Cobre. Al caer el sol, el entorno se ilumina con una calidez serena, revelando un lado m\u00e1s \u00edntimo de la Sierra a trav\u00e9s de la cultura local, las tradiciones artesanales y el ritmo tranquilo del ca\u00f1\u00f3n.<\/p>\t\t\t\t\t\t\t\t<\/div>\n\t\t<div class=\"elementor-element elementor-element-57d1839 e-con-full e-flex e-con e-child\" data-id=\"57d1839\" data-element_type=\"container\" data-e-type=\"container\">\n\t\t<div class=\"elementor-element elementor-element-9c9023e e-con-full e-flex e-con e-child\" data-id=\"9c9023e\" data-element_type=\"container\" data-e-type=\"container\">\n\t\t\t\t<div class=\"elementor-element elementor-element-b4e52ea e-transform elementor-widget elementor-widget-image\" data-id=\"b4e52ea\" data-element_type=\"widget\" data-e-type=\"widget\" data-settings=\"{&quot;_transform_rotateZ_effect&quot;:{&quot;unit&quot;:&quot;px&quot;,&quot;size&quot;:-6,&quot;sizes&quot;:[]},&quot;_transform_rotateZ_effect_tablet&quot;:{&quot;unit&quot;:&quot;deg&quot;,&quot;size&quot;:&quot;&quot;,&quot;sizes&quot;:[]},&quot;_transform_rotateZ_effect_mobile&quot;:{&quot;unit&quot;:&quot;deg&quot;,&quot;size&quot;:&quot;&quot;,&quot;sizes&quot;:[]}}\" data-widget_type=\"image.default\">\n\t\t\t\t\t\t\t\t\t\t\t\t\t\t\t<img fetchpriority=\"high\" decoding=\"async\" width=\"1290\" height=\"1284\" src=\"https:\/\/villadeurike.com\/wp-content\/uploads\/2026\/03\/IMG_E0576.webp\" class=\"attachment-full size-full wp-image-146\" alt=\"\" srcset=\"https:\/\/villadeurike.com\/wp-content\/uploads\/2026\/03\/IMG_E0576.webp 1290w, https:\/\/villadeurike.com\/wp-content\/uploads\/2026\/03\/IMG_E0576-300x300.webp 300w, https:\/\/villadeurike.com\/wp-content\/uploads\/2026\/03\/IMG_E0576-1024x1019.webp 1024w, https:\/\/villadeurike.com\/wp-content\/uploads\/2026\/03\/IMG_E0576-150x150.webp 150w, https:\/\/villadeurike.com\/wp-content\/uploads\/2026\/03\/IMG_E0576-768x764.jpg 768w\" sizes=\"(max-width: 1290px) 100vw, 1290px\" \/>\t\t\t\t\t\t\t\t\t\t\t\t\t\t\t<\/div>\n\t\t\t\t<div class=\"elementor-element elementor-element-6b3c1e6 elementor-widget elementor-widget-image\" data-id=\"6b3c1e6\" data-element_type=\"widget\" data-e-type=\"widget\" data-widget_type=\"image.default\">\n\t\t\t\t\t\t\t\t\t\t\t\t\t\t\t<img loading=\"lazy\" decoding=\"async\" width=\"1440\" height=\"1920\" src=\"https:\/\/villadeurike.com\/wp-content\/uploads\/2026\/03\/IMG_9569-1-scaled.webp\" class=\"attachment-full size-full wp-image-738\" alt=\"\" srcset=\"https:\/\/villadeurike.com\/wp-content\/uploads\/2026\/03\/IMG_9569-1-scaled.webp 1440w, https:\/\/villadeurike.com\/wp-content\/uploads\/2026\/03\/IMG_9569-1-225x300.webp 225w, https:\/\/villadeurike.com\/wp-content\/uploads\/2026\/03\/IMG_9569-1-768x1024.webp 768w, https:\/\/villadeurike.com\/wp-content\/uploads\/2026\/03\/IMG_9569-1-1152x1536.webp 1152w\" sizes=\"(max-width: 1440px) 100vw, 1440px\" \/>\t\t\t\t\t\t\t\t\t\t\t\t\t\t\t<\/div>\n\t\t\t\t<div class=\"elementor-element elementor-element-baceb5a e-transform elementor-widget elementor-widget-image\" data-id=\"baceb5a\" data-element_type=\"widget\" data-e-type=\"widget\" data-settings=\"{&quot;_transform_rotateZ_effect&quot;:{&quot;unit&quot;:&quot;px&quot;,&quot;size&quot;:6,&quot;sizes&quot;:[]},&quot;_transform_rotateZ_effect_tablet&quot;:{&quot;unit&quot;:&quot;deg&quot;,&quot;size&quot;:&quot;&quot;,&quot;sizes&quot;:[]},&quot;_transform_rotateZ_effect_mobile&quot;:{&quot;unit&quot;:&quot;deg&quot;,&quot;size&quot;:&quot;&quot;,&quot;sizes&quot;:[]}}\" data-widget_type=\"image.default\">\n\t\t\t\t\t\t\t\t\t\t\t\t\t\t\t<img decoding=\"async\" width=\"1920\" height=\"1920\" src=\"https:\/\/villadeurike.com\/wp-content\/uploads\/2026\/03\/IMG_E6775-1-scaled.webp\" class=\"attachment-full size-full wp-image-712\" alt=\"\" srcset=\"https:\/\/villadeurike.com\/wp-content\/uploads\/2026\/03\/IMG_E6775-1-scaled.webp 1920w, https:\/\/villadeurike.com\/wp-content\/uploads\/2026\/03\/IMG_E6775-1-300x300.webp 300w, https:\/\/villadeurike.com\/wp-content\/uploads\/2026\/03\/IMG_E6775-1-1024x1024.webp 1024w, https:\/\/villadeurike.com\/wp-content\/uploads\/2026\/03\/IMG_E6775-1-150x150.webp 150w, https:\/\/villadeurike.com\/wp-content\/uploads\/2026\/03\/IMG_E6775-1-768x768.webp 768w, https:\/\/villadeurike.com\/wp-content\/uploads\/2026\/03\/IMG_E6775-1-1536x1536.webp 1536w\" sizes=\"(max-width: 1920px) 100vw, 1920px\" \/>\t\t\t\t\t\t\t\t\t\t\t\t\t\t\t<\/div>\n\t\t\t\t<\/div>\n\t\t\t\t<\/div>\n\t\t\t\t\t<\/div>\n\t\t\t\t<\/div>\n\t\t<div class=\"elementor-element elementor-element-ad02d2e e-con-full e-flex e-con e-parent\" data-id=\"ad02d2e\" data-element_type=\"container\" data-e-type=\"container\" data-settings=\"{&quot;background_background&quot;:&quot;classic&quot;}\">\n\t\t\t\t<\/div>\n\t\t<div class=\"elementor-element elementor-element-215cb289 e-con-full e-flex e-con e-parent\" data-id=\"215cb289\" data-element_type=\"container\" data-e-type=\"container\" data-settings=\"{&quot;background_background&quot;:&quot;classic&quot;}\">\n\t\t<div class=\"elementor-element elementor-element-3871902f e-flex e-con-boxed e-con e-child\" data-id=\"3871902f\" data-element_type=\"container\" data-e-type=\"container\">\n\t\t\t\t\t<div class=\"e-con-inner\">\n\t\t\t\t<div class=\"elementor-element elementor-element-0ee4ebe elementor-widget elementor-widget-heading\" data-id=\"0ee4ebe\" data-element_type=\"widget\" data-e-type=\"widget\" data-widget_type=\"heading.default\">\n\t\t\t\t\t<h2 class=\"elementor-heading-title elementor-size-default\">Lugares iconicos en Urique<\/h2>\t\t\t\t<\/div>\n\t\t\t\t<div class=\"elementor-element elementor-element-6d666110 e-transform elementor-invisible elementor-widget elementor-widget-image-carousel\" data-id=\"6d666110\" data-element_type=\"widget\" data-e-type=\"widget\" data-settings=\"{&quot;slides_to_show&quot;:&quot;1&quot;,&quot;navigation&quot;:&quot;none&quot;,&quot;autoplay_speed&quot;:4000,&quot;_animation&quot;:&quot;fadeInUp&quot;,&quot;_transform_scale_effect_hover&quot;:{&quot;unit&quot;:&quot;px&quot;,&quot;size&quot;:1.05,&quot;sizes&quot;:[]},&quot;autoplay&quot;:&quot;yes&quot;,&quot;infinite&quot;:&quot;yes&quot;,&quot;effect&quot;:&quot;slide&quot;,&quot;speed&quot;:500,&quot;_transform_scale_effect_hover_tablet&quot;:{&quot;unit&quot;:&quot;px&quot;,&quot;size&quot;:&quot;&quot;,&quot;sizes&quot;:[]},&quot;_transform_scale_effect_hover_mobile&quot;:{&quot;unit&quot;:&quot;px&quot;,&quot;size&quot;:&quot;&quot;,&quot;sizes&quot;:[]}}\" data-widget_type=\"image-carousel.default\">\n\t\t\t\t\t\t\t<div class=\"elementor-image-carousel-wrapper swiper\" role=\"region\" aria-roledescription=\"carousel\" aria-label=\"Image Carousel\" dir=\"ltr\">\n\t\t\t<div class=\"elementor-image-carousel swiper-wrapper\" aria-live=\"off\">\n\t\t\t\t\t\t\t\t<div class=\"swiper-slide\" role=\"group\" aria-roledescription=\"slide\" aria-label=\"1 de 4\" data-no-translation-aria-label=\"\"><figure class=\"swiper-slide-inner\"><img decoding=\"async\" class=\"swiper-slide-image\" src=\"https:\/\/villadeurike.com\/wp-content\/uploads\/2026\/04\/Diseno-sin-titulo.webp\" alt=\"Dise\u00f1o sin t\u00edtulo\" \/><\/figure><\/div><div class=\"swiper-slide\" role=\"group\" aria-roledescription=\"slide\" aria-label=\"2 de 4\" data-no-translation-aria-label=\"\"><figure class=\"swiper-slide-inner\"><img decoding=\"async\" class=\"swiper-slide-image\" src=\"https:\/\/villadeurike.com\/wp-content\/uploads\/2026\/04\/Towns.webp\" alt=\"Towns\" \/><\/figure><\/div><div class=\"swiper-slide\" role=\"group\" aria-roledescription=\"slide\" aria-label=\"3 de 4\" data-no-translation-aria-label=\"\"><figure class=\"swiper-slide-inner\"><img decoding=\"async\" class=\"swiper-slide-image\" src=\"https:\/\/villadeurike.com\/wp-content\/uploads\/2026\/04\/Rivers.webp\" alt=\"Rivers\" \/><\/figure><\/div><div class=\"swiper-slide\" role=\"group\" aria-roledescription=\"slide\" aria-label=\"4 de 4\" data-no-translation-aria-label=\"\"><figure class=\"swiper-slide-inner\"><img decoding=\"async\" class=\"swiper-slide-image\" src=\"https:\/\/villadeurike.com\/wp-content\/uploads\/2026\/04\/Hiking.webp\" alt=\"Hiking\" \/><\/figure><\/div>\t\t\t<\/div>\n\t\t\t\t\t\t\t\n\t\t\t\t\t\t\t\t\t<\/div>\n\t\t\t\t\t\t<\/div>\n\t\t\t\t\t<\/div>\n\t\t\t\t<\/div>\n\t\t\t\t<\/div>\n\t\t<div class=\"elementor-element elementor-element-5f3097a e-con-full e-flex e-con e-parent\" data-id=\"5f3097a\" data-element_type=\"container\" data-e-type=\"container\" data-settings=\"{&quot;background_background&quot;:&quot;classic&quot;}\">\n\t\t\t\t<div class=\"elementor-element elementor-element-213ef738 elementor-widget elementor-widget-heading\" data-id=\"213ef738\" data-element_type=\"widget\" data-e-type=\"widget\" data-widget_type=\"heading.default\">\n\t\t\t\t\t<h2 class=\"elementor-heading-title elementor-size-default\">VILLA DE URIKE<\/h2>\t\t\t\t<\/div>\n\t\t<div class=\"elementor-element elementor-element-3b96e76d e-con-full e-flex e-con e-child\" data-id=\"3b96e76d\" data-element_type=\"container\" data-e-type=\"container\">\n\t\t<div class=\"elementor-element elementor-element-39f56964 e-con-full e-flex e-con e-child\" data-id=\"39f56964\" data-element_type=\"container\" data-e-type=\"container\">\n\t\t\t\t<div class=\"elementor-element elementor-element-4cb2d5b6 elementor-widget elementor-widget-button\" data-id=\"4cb2d5b6\" data-element_type=\"widget\" data-e-type=\"widget\" data-widget_type=\"button.default\">\n\t\t\t\t\t\t\t\t\t\t<a class=\"elementor-button elementor-button-link elementor-size-sm\" href=\"#\">\n\t\t\t\t\t\t<span class=\"elementor-button-content-wrapper\">\n\t\t\t\t\t\t\t\t\t<span class=\"elementor-button-text\">info@villadeurike.com<\/span>\n\t\t\t\t\t<\/span>\n\t\t\t\t\t<\/a>\n\t\t\t\t\t\t\t\t<\/div>\n\t\t\t\t<\/div>\n\t\t<div class=\"elementor-element elementor-element-be9ff1 e-con-full e-flex e-con e-child\" data-id=\"be9ff1\" data-element_type=\"container\" data-e-type=\"container\">\n\t\t\t\t<div class=\"elementor-element elementor-element-e7d527e elementor-widget elementor-widget-button\" data-id=\"e7d527e\" data-element_type=\"widget\" data-e-type=\"widget\" data-widget_type=\"button.default\">\n\t\t\t\t\t\t\t\t\t\t<a class=\"elementor-button elementor-button-link elementor-size-sm\" href=\"#\">\n\t\t\t\t\t\t<span class=\"elementor-button-content-wrapper\">\n\t\t\t\t\t\t\t\t\t<span class=\"elementor-button-text\">reservation@villadeurike.com<\/span>\n\t\t\t\t\t<\/span>\n\t\t\t\t\t<\/a>\n\t\t\t\t\t\t\t\t<\/div>\n\t\t\t\t<\/div>\n\t\t<div class=\"elementor-element elementor-element-55eda76b e-con-full e-flex e-con e-child\" data-id=\"55eda76b\" data-element_type=\"container\" data-e-type=\"container\">\n\t\t\t\t<div class=\"elementor-element elementor-element-26000f81 elementor-widget elementor-widget-button\" data-id=\"26000f81\" data-element_type=\"widget\" data-e-type=\"widget\" data-widget_type=\"button.default\">\n\t\t\t\t\t\t\t\t\t\t<a class=\"elementor-button elementor-button-link elementor-size-sm\" href=\"#\">\n\t\t\t\t\t\t<span class=\"elementor-button-content-wrapper\">\n\t\t\t\t\t\t\t\t\t<span class=\"elementor-button-text\">+526143454056<\/span>\n\t\t\t\t\t<\/span>\n\t\t\t\t\t<\/a>\n\t\t\t\t\t\t\t\t<\/div>\n\t\t\t\t<\/div>\n\t\t\t\t<\/div>\n\t\t\t\t<div class=\"elementor-element elementor-element-5624b303 elementor-widget elementor-widget-button\" data-id=\"5624b303\" data-element_type=\"widget\" data-e-type=\"widget\" data-widget_type=\"button.default\">\n\t\t\t\t\t\t\t\t\t\t<a class=\"elementor-button elementor-button-link elementor-size-sm\" href=\"\">\n\t\t\t\t\t\t<span class=\"elementor-button-content-wrapper\">\n\t\t\t\t\t\t\t\t\t<span class=\"elementor-button-text\">Malec\u00f3n de Urique S\/n, 33420 Urique, Chihuahua<\/span>\n\t\t\t\t\t<\/span>\n\t\t\t\t\t<\/a>\n\t\t\t\t\t\t\t\t<\/div>\n\t\t\t\t<\/div>\n\t\t\t\t<\/div>","protected":false},"excerpt":{"rendered":"<p>MEXICO\u2019S CANYON ESCAPE Welcome to Barranca de Urique, Mexico Barranca de Urique, Mexico, is a breathtaking destination hidden within the heart of the Sierra Tarahumara. This extraordinary canyon landscape reveals dramatic cliffs, winding rivers, rich Rar\u00e1muri heritage, and a deep connection to nature that feels both wild and timeless. By day, Urique invites exploration through [&hellip;]<\/p>\n","protected":false},"author":1,"featured_media":0,"parent":0,"menu_order":0,"comment_status":"closed","ping_status":"closed","template":"","meta":{"_angie_page":false,"footnotes":""},"class_list":["post-1228","page","type-page","status-publish","hentry"],"_hostinger_reach_plugin_has_subscription_block":false,"_hostinger_reach_plugin_is_elementor":false,"_links":{"self":[{"href":"https:\/\/villadeurike.com\/es\/wp-json\/wp\/v2\/pages\/1228","targetHints":{"allow":["GET"]}}],"collection":[{"href":"https:\/\/villadeurike.com\/es\/wp-json\/wp\/v2\/pages"}],"about":[{"href":"https:\/\/villadeurike.com\/es\/wp-json\/wp\/v2\/types\/page"}],"author":[{"embeddable":true,"href":"https:\/\/villadeurike.com\/es\/wp-json\/wp\/v2\/users\/1"}],"replies":[{"embeddable":true,"href":"https:\/\/villadeurike.com\/es\/wp-json\/wp\/v2\/comments?post=1228"}],"version-history":[{"count":110,"href":"https:\/\/villadeurike.com\/es\/wp-json\/wp\/v2\/pages\/1228\/revisions"}],"predecessor-version":[{"id":3044,"href":"https:\/\/villadeurike.com\/es\/wp-json\/wp\/v2\/pages\/1228\/revisions\/3044"}],"wp:attachment":[{"href":"https:\/\/villadeurike.com\/es\/wp-json\/wp\/v2\/media?parent=1228"}],"curies":[{"name":"wp","href":"https:\/\/api.w.org\/{rel}","templated":true}]}}