{"id":63,"date":"2026-03-25T01:31:29","date_gmt":"2026-03-25T01:31:29","guid":{"rendered":"https:\/\/villadeurike.com\/?page_id=63"},"modified":"2026-04-22T20:26:09","modified_gmt":"2026-04-22T20:26:09","slug":"experiences","status":"publish","type":"page","link":"https:\/\/villadeurike.com\/es\/experiences\/","title":{"rendered":"EXPERIENCIAS"},"content":{"rendered":"<div data-elementor-type=\"wp-page\" data-elementor-id=\"63\" class=\"elementor elementor-63\" data-elementor-post-type=\"page\">\n\t\t\t\t<div class=\"elementor-element elementor-element-739a990 e-con-full e-flex e-con e-parent\" data-id=\"739a990\" data-element_type=\"container\" data-e-type=\"container\" data-settings=\"{&quot;background_background&quot;:&quot;classic&quot;}\">\n\t\t\t\t<\/div>\n\t\t<div class=\"elementor-element elementor-element-22b527f e-flex e-con-boxed e-con e-parent\" data-id=\"22b527f\" data-element_type=\"container\" data-e-type=\"container\">\n\t\t\t\t\t<div class=\"e-con-inner\">\n\t\t<div class=\"elementor-element elementor-element-db37cf5 e-con-full e-flex e-con e-child\" data-id=\"db37cf5\" data-element_type=\"container\" data-e-type=\"container\">\n\t\t\t\t<div class=\"elementor-element elementor-element-8716431 elementor-widget elementor-widget-heading\" data-id=\"8716431\" data-element_type=\"widget\" data-e-type=\"widget\" data-widget_type=\"heading.default\">\n\t\t\t\t\t<h2 class=\"elementor-heading-title elementor-size-default\">Qu\u00e9 vivir en nuestro hotel boutique en Urique<\/h2>\t\t\t\t<\/div>\n\t\t\t\t<div class=\"elementor-element elementor-element-fff6cbf elementor-widget elementor-widget-text-editor\" data-id=\"fff6cbf\" data-element_type=\"widget\" data-e-type=\"widget\" data-widget_type=\"text-editor.default\">\n\t\t\t\t\t\t\t\t\t<p data-start=\"242\" data-end=\"485\">Ad\u00e9ntrate en la serena belleza de la Sierra Tarahumara, donde la naturaleza y la calma se unen en perfecta armon\u00eda. Rel\u00e1jate en nuestra alberca, rodeada de paisajes aut\u00e9nticos e intactos, o disfruta de bebidas de autor inspiradas en la riqueza natural de la regi\u00f3n.<\/p><p data-start=\"487\" data-end=\"764\">Reconecta contigo a trav\u00e9s de momentos de quietud, aire puro de monta\u00f1a y experiencias cuidadosamente creadas para despertar tus sentidos. Desde encuentros culturales hasta el lujo simple del silencio, cada rinc\u00f3n de Villa de Urike te invita a desacelerar y sentir verdaderamente tu entorno.<\/p><p data-start=\"766\" data-end=\"884\">Aqu\u00ed, tu viaje no es solo una estancia \u2014 es una conexi\u00f3n profunda con la naturaleza, la cultura y la esencia del norte de M\u00e9xico.<\/p>\t\t\t\t\t\t\t\t<\/div>\n\t\t\t\t<\/div>\n\t\t\t\t\t<\/div>\n\t\t\t\t<\/div>\n\t\t<div class=\"elementor-element elementor-element-fb57460 e-con-full e-flex e-con e-child\" data-id=\"fb57460\" data-element_type=\"container\" data-e-type=\"container\">\n\t\t<div class=\"elementor-element elementor-element-454a8859 e-con-full e-flex e-con e-child\" data-id=\"454a8859\" data-element_type=\"container\" data-e-type=\"container\">\n\t\t\t\t<div class=\"elementor-element elementor-element-13d344ef elementor-widget elementor-widget-image\" data-id=\"13d344ef\" data-element_type=\"widget\" data-e-type=\"widget\" data-widget_type=\"image.default\">\n\t\t\t\t\t\t\t\t\t\t\t\t\t\t\t<img fetchpriority=\"high\" decoding=\"async\" width=\"800\" height=\"534\" src=\"https:\/\/villadeurike.com\/wp-content\/uploads\/2026\/04\/DSC00277-1024x683.jpg\" class=\"attachment-large size-large wp-image-2325\" alt=\"\" srcset=\"https:\/\/villadeurike.com\/wp-content\/uploads\/2026\/04\/DSC00277-1024x683.jpg 1024w, https:\/\/villadeurike.com\/wp-content\/uploads\/2026\/04\/DSC00277-300x200.jpg 300w, https:\/\/villadeurike.com\/wp-content\/uploads\/2026\/04\/DSC00277-768x512.jpg 768w, https:\/\/villadeurike.com\/wp-content\/uploads\/2026\/04\/DSC00277-1536x1024.jpg 1536w, https:\/\/villadeurike.com\/wp-content\/uploads\/2026\/04\/DSC00277-2048x1365.jpg 2048w, https:\/\/villadeurike.com\/wp-content\/uploads\/2026\/04\/DSC00277-18x12.jpg 18w\" sizes=\"(max-width: 800px) 100vw, 800px\" \/>\t\t\t\t\t\t\t\t\t\t\t\t\t\t\t<\/div>\n\t\t\t\t<\/div>\n\t\t<div class=\"elementor-element elementor-element-2d368a5e e-con-full e-flex e-con e-child\" data-id=\"2d368a5e\" data-element_type=\"container\" data-e-type=\"container\">\n\t\t\t\t<div class=\"elementor-element elementor-element-2a7627b5 elementor-widget elementor-widget-image\" data-id=\"2a7627b5\" data-element_type=\"widget\" data-e-type=\"widget\" data-widget_type=\"image.default\">\n\t\t\t\t\t\t\t\t\t\t\t\t\t\t\t<img decoding=\"async\" width=\"683\" height=\"1024\" src=\"https:\/\/villadeurike.com\/wp-content\/uploads\/2026\/03\/DSC02564-683x1024.webp\" class=\"attachment-large size-large wp-image-830\" alt=\"\" srcset=\"https:\/\/villadeurike.com\/wp-content\/uploads\/2026\/03\/DSC02564-683x1024.webp 683w, https:\/\/villadeurike.com\/wp-content\/uploads\/2026\/03\/DSC02564-200x300.webp 200w, https:\/\/villadeurike.com\/wp-content\/uploads\/2026\/03\/DSC02564-768x1152.webp 768w, https:\/\/villadeurike.com\/wp-content\/uploads\/2026\/03\/DSC02564-1024x1536.webp 1024w, https:\/\/villadeurike.com\/wp-content\/uploads\/2026\/03\/DSC02564-scaled.webp 1280w\" sizes=\"(max-width: 683px) 100vw, 683px\" \/>\t\t\t\t\t\t\t\t\t\t\t\t\t\t\t<\/div>\n\t\t\t\t<\/div>\n\t\t<div class=\"elementor-element elementor-element-164002aa e-con-full e-flex e-con e-child\" data-id=\"164002aa\" data-element_type=\"container\" data-e-type=\"container\">\n\t\t\t\t<div class=\"elementor-element elementor-element-67f9cdb1 elementor-widget elementor-widget-image\" data-id=\"67f9cdb1\" data-element_type=\"widget\" data-e-type=\"widget\" data-widget_type=\"image.default\">\n\t\t\t\t\t\t\t\t\t\t\t\t\t\t\t<img decoding=\"async\" width=\"2560\" height=\"1707\" src=\"https:\/\/villadeurike.com\/wp-content\/uploads\/2026\/04\/DSC00305-scaled.jpg\" class=\"attachment-full size-full wp-image-2326\" alt=\"\" srcset=\"https:\/\/villadeurike.com\/wp-content\/uploads\/2026\/04\/DSC00305-scaled.jpg 2560w, https:\/\/villadeurike.com\/wp-content\/uploads\/2026\/04\/DSC00305-300x200.jpg 300w, https:\/\/villadeurike.com\/wp-content\/uploads\/2026\/04\/DSC00305-1024x683.jpg 1024w, https:\/\/villadeurike.com\/wp-content\/uploads\/2026\/04\/DSC00305-768x512.jpg 768w, https:\/\/villadeurike.com\/wp-content\/uploads\/2026\/04\/DSC00305-1536x1024.jpg 1536w, https:\/\/villadeurike.com\/wp-content\/uploads\/2026\/04\/DSC00305-2048x1365.jpg 2048w, https:\/\/villadeurike.com\/wp-content\/uploads\/2026\/04\/DSC00305-18x12.jpg 18w\" sizes=\"(max-width: 2560px) 100vw, 2560px\" \/>\t\t\t\t\t\t\t\t\t\t\t\t\t\t\t<\/div>\n\t\t\t\t<\/div>\n\t\t\t\t<\/div>\n\t\t<div class=\"elementor-element elementor-element-a23ff3c e-flex e-con-boxed e-con e-parent\" data-id=\"a23ff3c\" data-element_type=\"container\" data-e-type=\"container\" data-settings=\"{&quot;background_background&quot;:&quot;classic&quot;}\">\n\t\t\t\t\t<div class=\"e-con-inner\">\n\t\t\t\t<div class=\"elementor-element elementor-element-4730dbf elementor-widget elementor-widget-heading\" data-id=\"4730dbf\" data-element_type=\"widget\" data-e-type=\"widget\" data-widget_type=\"heading.default\">\n\t\t\t\t\t<h2 class=\"elementor-heading-title elementor-size-default\">Explora nuestros servicios y experiencias Signature<\/h2>\t\t\t\t<\/div>\n\t\t\t\t\t<\/div>\n\t\t\t\t<\/div>\n\t\t<div class=\"elementor-element elementor-element-5bf86afd e-con-full e-flex e-con e-parent\" data-id=\"5bf86afd\" data-element_type=\"container\" data-e-type=\"container\" data-settings=\"{&quot;background_background&quot;:&quot;classic&quot;}\">\n\t\t<div class=\"elementor-element elementor-element-61f3f591 e-flex e-con-boxed e-con e-child\" data-id=\"61f3f591\" data-element_type=\"container\" data-e-type=\"container\">\n\t\t\t\t\t<div class=\"e-con-inner\">\n\t\t\t\t<div class=\"elementor-element elementor-element-464d5604 e-transform elementor-invisible elementor-widget elementor-widget-image-carousel\" data-id=\"464d5604\" data-element_type=\"widget\" data-e-type=\"widget\" data-settings=\"{&quot;slides_to_show&quot;:&quot;1&quot;,&quot;navigation&quot;:&quot;none&quot;,&quot;autoplay_speed&quot;:4000,&quot;_animation&quot;:&quot;fadeInUp&quot;,&quot;_transform_scale_effect_hover&quot;:{&quot;unit&quot;:&quot;px&quot;,&quot;size&quot;:1.05,&quot;sizes&quot;:[]},&quot;autoplay&quot;:&quot;yes&quot;,&quot;infinite&quot;:&quot;yes&quot;,&quot;effect&quot;:&quot;slide&quot;,&quot;speed&quot;:500,&quot;_transform_scale_effect_hover_tablet&quot;:{&quot;unit&quot;:&quot;px&quot;,&quot;size&quot;:&quot;&quot;,&quot;sizes&quot;:[]},&quot;_transform_scale_effect_hover_mobile&quot;:{&quot;unit&quot;:&quot;px&quot;,&quot;size&quot;:&quot;&quot;,&quot;sizes&quot;:[]}}\" data-widget_type=\"image-carousel.default\">\n\t\t\t\t\t\t\t<div class=\"elementor-image-carousel-wrapper swiper\" role=\"region\" aria-roledescription=\"carousel\" aria-label=\"Image Carousel\" dir=\"ltr\">\n\t\t\t<div class=\"elementor-image-carousel swiper-wrapper\" aria-live=\"off\">\n\t\t\t\t\t\t\t\t<div class=\"swiper-slide\" role=\"group\" aria-roledescription=\"slide\" aria-label=\"1 de 4\" data-no-translation-aria-label=\"\"><figure class=\"swiper-slide-inner\"><img decoding=\"async\" class=\"swiper-slide-image\" src=\"https:\/\/villadeurike.com\/wp-content\/uploads\/2026\/04\/Hiking.webp\" alt=\"Hiking\" \/><\/figure><\/div><div class=\"swiper-slide\" role=\"group\" aria-roledescription=\"slide\" aria-label=\"2 de 4\" data-no-translation-aria-label=\"\"><figure class=\"swiper-slide-inner\"><img decoding=\"async\" class=\"swiper-slide-image\" src=\"https:\/\/villadeurike.com\/wp-content\/uploads\/2026\/04\/Rivers.webp\" alt=\"Rivers\" \/><\/figure><\/div><div class=\"swiper-slide\" role=\"group\" aria-roledescription=\"slide\" aria-label=\"3 de 4\" data-no-translation-aria-label=\"\"><figure class=\"swiper-slide-inner\"><img decoding=\"async\" class=\"swiper-slide-image\" src=\"https:\/\/villadeurike.com\/wp-content\/uploads\/2026\/04\/Towns.webp\" alt=\"Towns\" \/><\/figure><\/div><div class=\"swiper-slide\" role=\"group\" aria-roledescription=\"slide\" aria-label=\"4 de 4\" data-no-translation-aria-label=\"\"><figure class=\"swiper-slide-inner\"><img decoding=\"async\" class=\"swiper-slide-image\" src=\"https:\/\/villadeurike.com\/wp-content\/uploads\/2026\/04\/Diseno-sin-titulo.webp\" alt=\"Dise\u00f1o sin t\u00edtulo\" \/><\/figure><\/div>\t\t\t<\/div>\n\t\t\t\t\t\t\t\n\t\t\t\t\t\t\t\t\t<\/div>\n\t\t\t\t\t\t<\/div>\n\t\t\t\t\t<\/div>\n\t\t\t\t<\/div>\n\t\t\t\t<\/div>\n\t\t<div class=\"elementor-element elementor-element-5c9266de e-con-full e-flex e-con e-parent\" data-id=\"5c9266de\" data-element_type=\"container\" data-e-type=\"container\" data-settings=\"{&quot;background_background&quot;:&quot;classic&quot;}\">\n\t\t\t\t<div class=\"elementor-element elementor-element-4569ff90 elementor-widget elementor-widget-heading\" data-id=\"4569ff90\" data-element_type=\"widget\" data-e-type=\"widget\" data-widget_type=\"heading.default\">\n\t\t\t\t\t<h2 class=\"elementor-heading-title elementor-size-default\">VILLA DE URIKE<\/h2>\t\t\t\t<\/div>\n\t\t<div class=\"elementor-element elementor-element-1807a6e7 e-con-full e-flex e-con e-child\" data-id=\"1807a6e7\" data-element_type=\"container\" data-e-type=\"container\">\n\t\t<div class=\"elementor-element elementor-element-4f1782f6 e-con-full e-flex e-con e-child\" data-id=\"4f1782f6\" data-element_type=\"container\" data-e-type=\"container\">\n\t\t\t\t<div class=\"elementor-element elementor-element-22c48ecc elementor-widget elementor-widget-button\" data-id=\"22c48ecc\" data-element_type=\"widget\" data-e-type=\"widget\" data-widget_type=\"button.default\">\n\t\t\t\t\t\t\t\t\t\t<a class=\"elementor-button elementor-button-link elementor-size-sm\" href=\"#\">\n\t\t\t\t\t\t<span class=\"elementor-button-content-wrapper\">\n\t\t\t\t\t\t\t\t\t<span class=\"elementor-button-text\">info@villadeurike.com<\/span>\n\t\t\t\t\t<\/span>\n\t\t\t\t\t<\/a>\n\t\t\t\t\t\t\t\t<\/div>\n\t\t\t\t<\/div>\n\t\t<div class=\"elementor-element elementor-element-cd12292 e-con-full e-flex e-con e-child\" data-id=\"cd12292\" data-element_type=\"container\" data-e-type=\"container\">\n\t\t\t\t<div class=\"elementor-element elementor-element-b2b0dc3 elementor-widget elementor-widget-button\" data-id=\"b2b0dc3\" data-element_type=\"widget\" data-e-type=\"widget\" data-widget_type=\"button.default\">\n\t\t\t\t\t\t\t\t\t\t<a class=\"elementor-button elementor-button-link elementor-size-sm\" href=\"#\">\n\t\t\t\t\t\t<span class=\"elementor-button-content-wrapper\">\n\t\t\t\t\t\t\t\t\t<span class=\"elementor-button-text\">reservation@villadeurike.com<\/span>\n\t\t\t\t\t<\/span>\n\t\t\t\t\t<\/a>\n\t\t\t\t\t\t\t\t<\/div>\n\t\t\t\t<\/div>\n\t\t<div class=\"elementor-element elementor-element-5f29d9c8 e-con-full e-flex e-con e-child\" data-id=\"5f29d9c8\" data-element_type=\"container\" data-e-type=\"container\">\n\t\t\t\t<div class=\"elementor-element elementor-element-6fb6160 elementor-widget elementor-widget-button\" data-id=\"6fb6160\" data-element_type=\"widget\" data-e-type=\"widget\" data-widget_type=\"button.default\">\n\t\t\t\t\t\t\t\t\t\t<a class=\"elementor-button elementor-button-link elementor-size-sm\" href=\"#\">\n\t\t\t\t\t\t<span class=\"elementor-button-content-wrapper\">\n\t\t\t\t\t\t\t\t\t<span class=\"elementor-button-text\">+526143454056<\/span>\n\t\t\t\t\t<\/span>\n\t\t\t\t\t<\/a>\n\t\t\t\t\t\t\t\t<\/div>\n\t\t\t\t<\/div>\n\t\t\t\t<\/div>\n\t\t\t\t<div class=\"elementor-element elementor-element-5dde5ed elementor-widget elementor-widget-button\" data-id=\"5dde5ed\" data-element_type=\"widget\" data-e-type=\"widget\" data-widget_type=\"button.default\">\n\t\t\t\t\t\t\t\t\t\t<a class=\"elementor-button elementor-button-link elementor-size-sm\" href=\"\">\n\t\t\t\t\t\t<span class=\"elementor-button-content-wrapper\">\n\t\t\t\t\t\t\t\t\t<span class=\"elementor-button-text\">Malec\u00f3n de Urique S\/n, 33420 Urique, Chihuahua<\/span>\n\t\t\t\t\t<\/span>\n\t\t\t\t\t<\/a>\n\t\t\t\t\t\t\t\t<\/div>\n\t\t\t\t<\/div>\n\t\t\t\t<\/div>","protected":false},"excerpt":{"rendered":"<p>What to Experience at Our Boutique Hotel in Urique Step into the quiet beauty of the Sierra Tarahumara, where nature and serenity come together in perfect harmony. Unwind by our pool surrounded by raw, untouched landscapes, or enjoy handcrafted drinks inspired by the region\u2019s natural richness. Reconnect with yourself through moments of stillness, fresh mountain [&hellip;]<\/p>\n","protected":false},"author":1,"featured_media":0,"parent":0,"menu_order":0,"comment_status":"closed","ping_status":"closed","template":"","meta":{"_angie_page":false,"footnotes":""},"class_list":["post-63","page","type-page","status-publish","hentry"],"_hostinger_reach_plugin_has_subscription_block":false,"_hostinger_reach_plugin_is_elementor":false,"_links":{"self":[{"href":"https:\/\/villadeurike.com\/es\/wp-json\/wp\/v2\/pages\/63","targetHints":{"allow":["GET"]}}],"collection":[{"href":"https:\/\/villadeurike.com\/es\/wp-json\/wp\/v2\/pages"}],"about":[{"href":"https:\/\/villadeurike.com\/es\/wp-json\/wp\/v2\/types\/page"}],"author":[{"embeddable":true,"href":"https:\/\/villadeurike.com\/es\/wp-json\/wp\/v2\/users\/1"}],"replies":[{"embeddable":true,"href":"https:\/\/villadeurike.com\/es\/wp-json\/wp\/v2\/comments?post=63"}],"version-history":[{"count":25,"href":"https:\/\/villadeurike.com\/es\/wp-json\/wp\/v2\/pages\/63\/revisions"}],"predecessor-version":[{"id":3059,"href":"https:\/\/villadeurike.com\/es\/wp-json\/wp\/v2\/pages\/63\/revisions\/3059"}],"wp:attachment":[{"href":"https:\/\/villadeurike.com\/es\/wp-json\/wp\/v2\/media?parent=63"}],"curies":[{"name":"wp","href":"https:\/\/api.w.org\/{rel}","templated":true}]}}